{"id":2,"date":"2025-10-27T05:25:46","date_gmt":"2025-10-27T05:25:46","guid":{"rendered":"https:\/\/barpenalti.rkinformatika.online\/?page_id=2"},"modified":"2025-11-18T12:22:07","modified_gmt":"2025-11-18T12:22:07","slug":"inicio","status":"publish","type":"page","link":"https:\/\/barpenalti.com\/eu\/","title":{"rendered":"Hasiera"},"content":{"rendered":"<div data-elementor-type=\"wp-page\" data-elementor-id=\"2\" class=\"elementor elementor-2\" data-elementor-post-type=\"page\">\n\t\t\t\t<div class=\"elementor-element elementor-element-cd6a885 e-con-full e-flex e-con e-parent\" data-id=\"cd6a885\" data-element_type=\"container\" data-e-type=\"container\" data-settings=\"{&quot;background_background&quot;:&quot;classic&quot;}\">\n\t\t<div class=\"elementor-element elementor-element-adbae08 e-flex e-con-boxed e-con e-child\" data-id=\"adbae08\" data-element_type=\"container\" data-e-type=\"container\" data-settings=\"{&quot;background_background&quot;:&quot;classic&quot;}\">\n\t\t\t\t\t<div class=\"e-con-inner\">\n\t\t\t\t<div class=\"elementor-element elementor-element-0df3f51 elementor-invisible elementor-widget elementor-widget-heading\" data-id=\"0df3f51\" data-element_type=\"widget\" data-e-type=\"widget\" data-settings=\"{&quot;_animation&quot;:&quot;fadeInDown&quot;}\" data-widget_type=\"heading.default\">\n\t\t\t\t\t<h2 class=\"elementor-heading-title elementor-size-default\">Zapore bat, irribarre bat, istorio bat.<\/h2>\t\t\t\t<\/div>\n\t\t\t\t<div class=\"elementor-element elementor-element-a8a6f67 elementor-invisible elementor-widget elementor-widget-heading\" data-id=\"a8a6f67\" data-element_type=\"widget\" data-e-type=\"widget\" data-settings=\"{&quot;_animation&quot;:&quot;fadeInDown&quot;}\" data-widget_type=\"heading.default\">\n\t\t\t\t\t<h2 class=\"elementor-heading-title elementor-size-default\">1983tik<\/h2>\t\t\t\t<\/div>\n\t\t\t\t\t<\/div>\n\t\t\t\t<\/div>\n\t\t<div class=\"elementor-element elementor-element-31d5a32 e-flex e-con-boxed e-con e-child\" data-id=\"31d5a32\" data-element_type=\"container\" data-e-type=\"container\" data-settings=\"{&quot;background_background&quot;:&quot;classic&quot;}\">\n\t\t\t\t\t<div class=\"e-con-inner\">\n\t\t<div class=\"elementor-element elementor-element-3115bb5 e-con-full e-flex e-con e-child\" data-id=\"3115bb5\" data-element_type=\"container\" data-e-type=\"container\" data-settings=\"{&quot;background_background&quot;:&quot;classic&quot;}\">\n\t\t\t\t<div class=\"elementor-element elementor-element-36117a6 elementor-widget elementor-widget-heading\" data-id=\"36117a6\" data-element_type=\"widget\" data-e-type=\"widget\" data-widget_type=\"heading.default\">\n\t\t\t\t\t<h2 class=\"elementor-heading-title elementor-size-default\">Guri Buruz<\/h2>\t\t\t\t<\/div>\n\t\t\t\t<div class=\"elementor-element elementor-element-ce4e019 elementor-widget elementor-widget-text-editor\" data-id=\"ce4e019\" data-element_type=\"widget\" data-e-type=\"widget\" data-widget_type=\"text-editor.default\">\n\t\t\t\t\t\t\t\t\t<p>42 urte baino gehiagoko esperientzia dugu, eta erreferente bat gara ostalaritzaren munduan, zerbitzu hurbila, azkarra eta kalitatezkoa eskaintzen baitugu. Hasieratik, gure bezeroei zapore tradizional onenez gozatzeko giro atsegina eskaintzeko konpromisoari eutsi diogu.<\/p><p>Gure lokalean askotariko ogitartekoak, pintxoak eta urdaiazpiko eta txorizo errazioak dastatu ahal izango dituzu, produktu freskoekin eta kalitate onekoekin eginak. Gosari osoak ere eskaintzen ditugu opilekin, txigorkiekin eta laranja zuku naturalarekin, eguna energiarekin hasteko bikainak.<\/p><p>Gure historia familia negozio baten historia da, gure bezeroen konfiantzari eta betiko esentziari eusteko etengabeko ahaleginari esker hazi dena, tradizioa eta zerbitzu ona uztartuz.<\/p>\t\t\t\t\t\t\t\t<\/div>\n\t\t\t\t<\/div>\n\t\t<div class=\"elementor-element elementor-element-d81f9e4 e-con-full e-flex e-con e-child\" data-id=\"d81f9e4\" data-element_type=\"container\" data-e-type=\"container\" data-settings=\"{&quot;background_background&quot;:&quot;classic&quot;}\">\n\t\t\t\t<div class=\"elementor-element elementor-element-4ecf0eb elementor-widget elementor-widget-image\" data-id=\"4ecf0eb\" data-element_type=\"widget\" data-e-type=\"widget\" data-widget_type=\"image.default\">\n\t\t\t\t\t\t\t\t\t\t\t\t\t\t\t<img fetchpriority=\"high\" decoding=\"async\" width=\"1125\" height=\"1500\" src=\"https:\/\/barpenalti.com\/wp-content\/uploads\/2025\/11\/8572887.jpg\" class=\"attachment-full size-full wp-image-87\" alt=\"\" srcset=\"https:\/\/barpenalti.com\/wp-content\/uploads\/2025\/11\/8572887.jpg 1125w, https:\/\/barpenalti.com\/wp-content\/uploads\/2025\/11\/8572887-225x300.jpg 225w, https:\/\/barpenalti.com\/wp-content\/uploads\/2025\/11\/8572887-768x1024.jpg 768w, https:\/\/barpenalti.com\/wp-content\/uploads\/2025\/11\/8572887-9x12.jpg 9w\" sizes=\"(max-width: 1125px) 100vw, 1125px\" \/>\t\t\t\t\t\t\t\t\t\t\t\t\t\t\t<\/div>\n\t\t\t\t<\/div>\n\t\t\t\t\t<\/div>\n\t\t\t\t<\/div>\n\t\t\t\t<\/div>\n\t\t<div class=\"elementor-element elementor-element-9768b2a e-flex e-con-boxed e-con e-parent\" data-id=\"9768b2a\" data-element_type=\"container\" data-e-type=\"container\" data-settings=\"{&quot;background_background&quot;:&quot;classic&quot;}\">\n\t\t\t\t\t<div class=\"e-con-inner\">\n\t\t\t\t<div class=\"elementor-element elementor-element-242da9d elementor-invisible elementor-widget elementor-widget-heading\" data-id=\"242da9d\" data-element_type=\"widget\" data-e-type=\"widget\" data-settings=\"{&quot;_animation&quot;:&quot;fadeInDown&quot;}\" data-widget_type=\"heading.default\">\n\t\t\t\t\t<h2 class=\"elementor-heading-title elementor-size-default\">42 urte une zoragarriak zerbitzatzen!<\/h2>\t\t\t\t<\/div>\n\t\t\t\t<div class=\"elementor-element elementor-element-76851f8 elementor-align-center animated-slow elementor-invisible elementor-widget elementor-widget-button\" data-id=\"76851f8\" data-element_type=\"widget\" data-e-type=\"widget\" data-settings=\"{&quot;_animation&quot;:&quot;fadeIn&quot;}\" data-widget_type=\"button.default\">\n\t\t\t\t\t\t\t\t\t\t<a class=\"elementor-button elementor-button-link elementor-size-sm\" href=\"https:\/\/barpenalti.com\/eu\/servicios\/\">\n\t\t\t\t\t\t<span class=\"elementor-button-content-wrapper\">\n\t\t\t\t\t\t\t\t\t<span class=\"elementor-button-text\">ZERBITZUAK<\/span>\n\t\t\t\t\t<\/span>\n\t\t\t\t\t<\/a>\n\t\t\t\t\t\t\t\t<\/div>\n\t\t\t\t\t<\/div>\n\t\t\t\t<\/div>\n\t\t\t\t<\/div>","protected":false},"excerpt":{"rendered":"<p>Un sabor, una sonrisa, una historia. desde 1983 Sobre Nosotros Con m\u00e1s de 42 a\u00f1os de experiencia, somos un referente en el mundo de la hosteler\u00eda, dedicados a ofrecer un servicio cercano, r\u00e1pido y de calidad. Desde nuestros comienzos, hemos mantenido el compromiso de brindar a nuestros clientes un ambiente acogedor donde disfrutar de los [&hellip;]<\/p>\n","protected":false},"author":1,"featured_media":0,"parent":0,"menu_order":0,"comment_status":"closed","ping_status":"closed","template":"elementor_canvas","meta":{"footnotes":""},"class_list":["post-2","page","type-page","status-publish","hentry"],"yoast_head":"<!-- This site is optimized with the Yoast SEO plugin v27.3 - https:\/\/yoast.com\/product\/yoast-seo-wordpress\/ -->\n<title>Inicio - Bar Penalti<\/title>\n<meta name=\"robots\" content=\"index, follow, max-snippet:-1, max-image-preview:large, max-video-preview:-1\" \/>\n<link rel=\"canonical\" href=\"https:\/\/barpenalti.com\/eu\/\" \/>\n<meta property=\"og:locale\" content=\"en_US\" \/>\n<meta property=\"og:type\" content=\"article\" \/>\n<meta property=\"og:title\" content=\"Inicio - Bar Penalti\" \/>\n<meta property=\"og:description\" content=\"Un sabor, una sonrisa, una historia. desde 1983 Sobre Nosotros Con m\u00e1s de 42 a\u00f1os de experiencia, somos un referente en el mundo de la hosteler\u00eda, dedicados a ofrecer un servicio cercano, r\u00e1pido y de calidad. Desde nuestros comienzos, hemos mantenido el compromiso de brindar a nuestros clientes un ambiente acogedor donde disfrutar de los [&hellip;]\" \/>\n<meta property=\"og:url\" content=\"https:\/\/barpenalti.com\/eu\/\" \/>\n<meta property=\"og:site_name\" content=\"Bar Penalti\" \/>\n<meta property=\"article:modified_time\" content=\"2025-11-18T12:22:07+00:00\" \/>\n<meta property=\"og:image\" content=\"https:\/\/barpenalti.com\/wp-content\/uploads\/2025\/11\/8572887.jpg\" \/>\n\t<meta property=\"og:image:width\" content=\"1125\" \/>\n\t<meta property=\"og:image:height\" content=\"1500\" \/>\n\t<meta property=\"og:image:type\" content=\"image\/jpeg\" \/>\n<meta name=\"twitter:card\" content=\"summary_large_image\" \/>\n<meta name=\"twitter:label1\" content=\"Est. reading time\" \/>\n\t<meta name=\"twitter:data1\" content=\"1 minutua\" \/>\n<script type=\"application\/ld+json\" class=\"yoast-schema-graph\">{\"@context\":\"https:\\\/\\\/schema.org\",\"@graph\":[{\"@type\":\"WebPage\",\"@id\":\"https:\\\/\\\/barpenalti.com\\\/\",\"url\":\"https:\\\/\\\/barpenalti.com\\\/\",\"name\":\"Inicio - Bar Penalti\",\"isPartOf\":{\"@id\":\"https:\\\/\\\/barpenalti.com\\\/#website\"},\"primaryImageOfPage\":{\"@id\":\"https:\\\/\\\/barpenalti.com\\\/#primaryimage\"},\"image\":{\"@id\":\"https:\\\/\\\/barpenalti.com\\\/#primaryimage\"},\"thumbnailUrl\":\"https:\\\/\\\/barpenalti.com\\\/wp-content\\\/uploads\\\/2025\\\/11\\\/8572887.jpg\",\"datePublished\":\"2025-10-27T05:25:46+00:00\",\"dateModified\":\"2025-11-18T12:22:07+00:00\",\"breadcrumb\":{\"@id\":\"https:\\\/\\\/barpenalti.com\\\/#breadcrumb\"},\"inLanguage\":\"eu\",\"potentialAction\":[{\"@type\":\"ReadAction\",\"target\":[\"https:\\\/\\\/barpenalti.com\\\/\"]}]},{\"@type\":\"ImageObject\",\"inLanguage\":\"eu\",\"@id\":\"https:\\\/\\\/barpenalti.com\\\/#primaryimage\",\"url\":\"https:\\\/\\\/barpenalti.com\\\/wp-content\\\/uploads\\\/2025\\\/11\\\/8572887.jpg\",\"contentUrl\":\"https:\\\/\\\/barpenalti.com\\\/wp-content\\\/uploads\\\/2025\\\/11\\\/8572887.jpg\"},{\"@type\":\"BreadcrumbList\",\"@id\":\"https:\\\/\\\/barpenalti.com\\\/#breadcrumb\",\"itemListElement\":[{\"@type\":\"ListItem\",\"position\":1,\"name\":\"Portada\",\"item\":\"https:\\\/\\\/barpenalti.com\\\/\"},{\"@type\":\"ListItem\",\"position\":2,\"name\":\"Inicio\"}]},{\"@type\":\"WebSite\",\"@id\":\"https:\\\/\\\/barpenalti.com\\\/#website\",\"url\":\"https:\\\/\\\/barpenalti.com\\\/\",\"name\":\"Bar Penalti\",\"description\":\"\",\"publisher\":{\"@id\":\"https:\\\/\\\/barpenalti.com\\\/#organization\"},\"potentialAction\":[{\"@type\":\"SearchAction\",\"target\":{\"@type\":\"EntryPoint\",\"urlTemplate\":\"https:\\\/\\\/barpenalti.com\\\/?s={search_term_string}\"},\"query-input\":{\"@type\":\"PropertyValueSpecification\",\"valueRequired\":true,\"valueName\":\"search_term_string\"}}],\"inLanguage\":\"eu\"},{\"@type\":\"Organization\",\"@id\":\"https:\\\/\\\/barpenalti.com\\\/#organization\",\"name\":\"Bar Penalti\",\"url\":\"https:\\\/\\\/barpenalti.com\\\/\",\"logo\":{\"@type\":\"ImageObject\",\"inLanguage\":\"eu\",\"@id\":\"https:\\\/\\\/barpenalti.com\\\/#\\\/schema\\\/logo\\\/image\\\/\",\"url\":\"https:\\\/\\\/barpenalti.com\\\/wp-content\\\/uploads\\\/2025\\\/11\\\/cropped-WhatsApp-Image-2025-11-05-at-14.36.55.jpeg\",\"contentUrl\":\"https:\\\/\\\/barpenalti.com\\\/wp-content\\\/uploads\\\/2025\\\/11\\\/cropped-WhatsApp-Image-2025-11-05-at-14.36.55.jpeg\",\"width\":198,\"height\":221,\"caption\":\"Bar Penalti\"},\"image\":{\"@id\":\"https:\\\/\\\/barpenalti.com\\\/#\\\/schema\\\/logo\\\/image\\\/\"}}]}<\/script>\n<!-- \/ Yoast SEO plugin. -->","yoast_head_json":{"title":"Inicio - Bar Penalti","robots":{"index":"index","follow":"follow","max-snippet":"max-snippet:-1","max-image-preview":"max-image-preview:large","max-video-preview":"max-video-preview:-1"},"canonical":"https:\/\/barpenalti.com\/eu\/","og_locale":"en_US","og_type":"article","og_title":"Inicio - Bar Penalti","og_description":"Un sabor, una sonrisa, una historia. desde 1983 Sobre Nosotros Con m\u00e1s de 42 a\u00f1os de experiencia, somos un referente en el mundo de la hosteler\u00eda, dedicados a ofrecer un servicio cercano, r\u00e1pido y de calidad. Desde nuestros comienzos, hemos mantenido el compromiso de brindar a nuestros clientes un ambiente acogedor donde disfrutar de los [&hellip;]","og_url":"https:\/\/barpenalti.com\/eu\/","og_site_name":"Bar Penalti","article_modified_time":"2025-11-18T12:22:07+00:00","og_image":[{"width":1125,"height":1500,"url":"https:\/\/barpenalti.com\/wp-content\/uploads\/2025\/11\/8572887.jpg","type":"image\/jpeg"}],"twitter_card":"summary_large_image","twitter_misc":{"Est. reading time":"1 minutua"},"schema":{"@context":"https:\/\/schema.org","@graph":[{"@type":"WebPage","@id":"https:\/\/barpenalti.com\/","url":"https:\/\/barpenalti.com\/","name":"Inicio - Bar Penalti","isPartOf":{"@id":"https:\/\/barpenalti.com\/#website"},"primaryImageOfPage":{"@id":"https:\/\/barpenalti.com\/#primaryimage"},"image":{"@id":"https:\/\/barpenalti.com\/#primaryimage"},"thumbnailUrl":"https:\/\/barpenalti.com\/wp-content\/uploads\/2025\/11\/8572887.jpg","datePublished":"2025-10-27T05:25:46+00:00","dateModified":"2025-11-18T12:22:07+00:00","breadcrumb":{"@id":"https:\/\/barpenalti.com\/#breadcrumb"},"inLanguage":"eu","potentialAction":[{"@type":"ReadAction","target":["https:\/\/barpenalti.com\/"]}]},{"@type":"ImageObject","inLanguage":"eu","@id":"https:\/\/barpenalti.com\/#primaryimage","url":"https:\/\/barpenalti.com\/wp-content\/uploads\/2025\/11\/8572887.jpg","contentUrl":"https:\/\/barpenalti.com\/wp-content\/uploads\/2025\/11\/8572887.jpg"},{"@type":"BreadcrumbList","@id":"https:\/\/barpenalti.com\/#breadcrumb","itemListElement":[{"@type":"ListItem","position":1,"name":"Portada","item":"https:\/\/barpenalti.com\/"},{"@type":"ListItem","position":2,"name":"Inicio"}]},{"@type":"WebSite","@id":"https:\/\/barpenalti.com\/#website","url":"https:\/\/barpenalti.com\/","name":"Bar Penalti","description":"","publisher":{"@id":"https:\/\/barpenalti.com\/#organization"},"potentialAction":[{"@type":"SearchAction","target":{"@type":"EntryPoint","urlTemplate":"https:\/\/barpenalti.com\/?s={search_term_string}"},"query-input":{"@type":"PropertyValueSpecification","valueRequired":true,"valueName":"search_term_string"}}],"inLanguage":"eu"},{"@type":"Organization","@id":"https:\/\/barpenalti.com\/#organization","name":"Bar Penalti","url":"https:\/\/barpenalti.com\/","logo":{"@type":"ImageObject","inLanguage":"eu","@id":"https:\/\/barpenalti.com\/#\/schema\/logo\/image\/","url":"https:\/\/barpenalti.com\/wp-content\/uploads\/2025\/11\/cropped-WhatsApp-Image-2025-11-05-at-14.36.55.jpeg","contentUrl":"https:\/\/barpenalti.com\/wp-content\/uploads\/2025\/11\/cropped-WhatsApp-Image-2025-11-05-at-14.36.55.jpeg","width":198,"height":221,"caption":"Bar Penalti"},"image":{"@id":"https:\/\/barpenalti.com\/#\/schema\/logo\/image\/"}}]}},"_links":{"self":[{"href":"https:\/\/barpenalti.com\/eu\/wp-json\/wp\/v2\/pages\/2","targetHints":{"allow":["GET"]}}],"collection":[{"href":"https:\/\/barpenalti.com\/eu\/wp-json\/wp\/v2\/pages"}],"about":[{"href":"https:\/\/barpenalti.com\/eu\/wp-json\/wp\/v2\/types\/page"}],"author":[{"embeddable":true,"href":"https:\/\/barpenalti.com\/eu\/wp-json\/wp\/v2\/users\/1"}],"replies":[{"embeddable":true,"href":"https:\/\/barpenalti.com\/eu\/wp-json\/wp\/v2\/comments?post=2"}],"version-history":[{"count":29,"href":"https:\/\/barpenalti.com\/eu\/wp-json\/wp\/v2\/pages\/2\/revisions"}],"predecessor-version":[{"id":322,"href":"https:\/\/barpenalti.com\/eu\/wp-json\/wp\/v2\/pages\/2\/revisions\/322"}],"wp:attachment":[{"href":"https:\/\/barpenalti.com\/eu\/wp-json\/wp\/v2\/media?parent=2"}],"curies":[{"name":"wp","href":"https:\/\/api.w.org\/{rel}","templated":true}]}}